{"id":503,"date":"2015-01-15T09:42:28","date_gmt":"2015-01-15T08:42:28","guid":{"rendered":"http:\/\/turodeguiera.cat\/bloc\/?page_id=503"},"modified":"2015-01-17T09:06:38","modified_gmt":"2015-01-17T08:06:38","slug":"servei-de-canguratge","status":"publish","type":"page","link":"http:\/\/turodeguiera.cat\/bloc\/escola\/serveis\/servei-de-canguratge\/","title":{"rendered":"Servei de Canguratge"},"content":{"rendered":"<table class=\" aligncenter\" cellspacing=\"4\">\n<tbody>\n<tr>\n<td>El servei de canguratge est\u00e0 organitzat i gestionat per l&#8217;A.M.P.A. Cobreix la franja hor\u00e0ria de 8:00 a 9:00 i de 16:30 a 17:30. Les monitores de canguratge s&#8217;encarreguen de portar a les 9:00 els m\u00e9s petits a les seves aules i de recollir-los a les 16:30.<\/td>\n<\/tr>\n<tr>\n<td><span class=\"normal\">Els preus varien cada curs segons el nombre de nens i nenes que utilitzen aquest servei.<\/span><\/td>\n<\/tr>\n<tr>\n<td><span class=\"normal\">Per a m\u00e9s informaci\u00f3 al respecte, podreu trocar al tel\u00e8fon <strong>663726101<\/strong> o dirigir-vos al correu el\u00e8ctr\u00f2nic <a href=\"mailto:ampaturodeguiera@gmail.com\"><strong>ampaturodeguiera@gmail.com<\/strong><\/a><\/span><\/td>\n<\/tr>\n<\/tbody>\n<\/table>\n<p>&nbsp;<\/p>\n","protected":false},"excerpt":{"rendered":"<p>El servei de canguratge est\u00e0 organitzat i gestionat per l&#8217;A.M.P.A. Cobreix la franja hor\u00e0ria de 8:00 a 9:00 i de 16:30 a 17:30. Les monitores de canguratge s&#8217;encarreguen de portar a les 9:00 els m\u00e9s petits a les seves aules i de recollir-los a les 16:30. Els preus varien cada curs segons el nombre de [&hellip;]<\/p>\n","protected":false},"author":3,"featured_media":0,"parent":594,"menu_order":1,"comment_status":"closed","ping_status":"closed","template":"","meta":{"ngg_post_thumbnail":0},"_links":{"self":[{"href":"http:\/\/turodeguiera.cat\/bloc\/wp-json\/wp\/v2\/pages\/503"}],"collection":[{"href":"http:\/\/turodeguiera.cat\/bloc\/wp-json\/wp\/v2\/pages"}],"about":[{"href":"http:\/\/turodeguiera.cat\/bloc\/wp-json\/wp\/v2\/types\/page"}],"author":[{"embeddable":true,"href":"http:\/\/turodeguiera.cat\/bloc\/wp-json\/wp\/v2\/users\/3"}],"replies":[{"embeddable":true,"href":"http:\/\/turodeguiera.cat\/bloc\/wp-json\/wp\/v2\/comments?post=503"}],"version-history":[{"count":1,"href":"http:\/\/turodeguiera.cat\/bloc\/wp-json\/wp\/v2\/pages\/503\/revisions"}],"predecessor-version":[{"id":504,"href":"http:\/\/turodeguiera.cat\/bloc\/wp-json\/wp\/v2\/pages\/503\/revisions\/504"}],"up":[{"embeddable":true,"href":"http:\/\/turodeguiera.cat\/bloc\/wp-json\/wp\/v2\/pages\/594"}],"wp:attachment":[{"href":"http:\/\/turodeguiera.cat\/bloc\/wp-json\/wp\/v2\/media?parent=503"}],"curies":[{"name":"wp","href":"https:\/\/api.w.org\/{rel}","templated":true}]}}