{"id":506,"date":"2015-01-15T09:44:42","date_gmt":"2015-01-15T08:44:42","guid":{"rendered":"http:\/\/turodeguiera.cat\/bloc\/?page_id=506"},"modified":"2015-01-17T09:07:08","modified_gmt":"2015-01-17T08:07:08","slug":"servei-dactivitats-extraescolars","status":"publish","type":"page","link":"http:\/\/turodeguiera.cat\/bloc\/escola\/serveis\/servei-dactivitats-extraescolars\/","title":{"rendered":"Servei d&#8217;activitats extraescolars"},"content":{"rendered":"<table class=\" aligncenter\" cellspacing=\"4\">\n<tbody>\n<tr>\n<td>L&#8217;Associaci\u00f3 de pares i mares de l&#8217;escola \u00e9s l&#8217;entitat encarregada de gestionar les activitats extraescolars del centre. Hi ha moltes i diverses. Cada any, a principi de curs, fa una assemblea de pares i mares on s&#8217;explica el ventall de possibilitats i, a partir d&#8217;aqu\u00ed es decideix quines tiraran endavant depenent de la demanda.<\/td>\n<\/tr>\n<tr>\n<td>Per a m\u00e9s informaci\u00f3 al respecte, podreu trocar al tel\u00e8fon <strong>663726101<\/strong> o dirigir-vos al correu el\u00e8ctr\u00f2nic <a href=\"mailto:ampaturodeguiera@gmail.com\"><strong>ampaturodeguiera@gmail.com<\/strong><\/a><\/td>\n<\/tr>\n<\/tbody>\n<\/table>\n<p>&nbsp;<\/p>\n","protected":false},"excerpt":{"rendered":"<p>L&#8217;Associaci\u00f3 de pares i mares de l&#8217;escola \u00e9s l&#8217;entitat encarregada de gestionar les activitats extraescolars del centre. Hi ha moltes i diverses. Cada any, a principi de curs, fa una assemblea de pares i mares on s&#8217;explica el ventall de possibilitats i, a partir d&#8217;aqu\u00ed es decideix quines tiraran endavant depenent de la demanda. Per [&hellip;]<\/p>\n","protected":false},"author":3,"featured_media":0,"parent":594,"menu_order":3,"comment_status":"closed","ping_status":"closed","template":"","meta":{"ngg_post_thumbnail":0},"_links":{"self":[{"href":"http:\/\/turodeguiera.cat\/bloc\/wp-json\/wp\/v2\/pages\/506"}],"collection":[{"href":"http:\/\/turodeguiera.cat\/bloc\/wp-json\/wp\/v2\/pages"}],"about":[{"href":"http:\/\/turodeguiera.cat\/bloc\/wp-json\/wp\/v2\/types\/page"}],"author":[{"embeddable":true,"href":"http:\/\/turodeguiera.cat\/bloc\/wp-json\/wp\/v2\/users\/3"}],"replies":[{"embeddable":true,"href":"http:\/\/turodeguiera.cat\/bloc\/wp-json\/wp\/v2\/comments?post=506"}],"version-history":[{"count":1,"href":"http:\/\/turodeguiera.cat\/bloc\/wp-json\/wp\/v2\/pages\/506\/revisions"}],"predecessor-version":[{"id":507,"href":"http:\/\/turodeguiera.cat\/bloc\/wp-json\/wp\/v2\/pages\/506\/revisions\/507"}],"up":[{"embeddable":true,"href":"http:\/\/turodeguiera.cat\/bloc\/wp-json\/wp\/v2\/pages\/594"}],"wp:attachment":[{"href":"http:\/\/turodeguiera.cat\/bloc\/wp-json\/wp\/v2\/media?parent=506"}],"curies":[{"name":"wp","href":"https:\/\/api.w.org\/{rel}","templated":true}]}}