{"id":536,"date":"2015-01-15T10:54:01","date_gmt":"2015-01-15T09:54:01","guid":{"rendered":"http:\/\/turodeguiera.cat\/bloc\/?page_id=536"},"modified":"2018-07-26T11:28:43","modified_gmt":"2018-07-26T10:28:43","slug":"on-som","status":"publish","type":"page","link":"http:\/\/turodeguiera.cat\/bloc\/escola\/la-nostra-escola\/on-som\/","title":{"rendered":"On som?"},"content":{"rendered":"<table style=\"width: 800px;\" cellspacing=\"4\">\n<tbody>\n<tr>\n<td>Ens situem a la comarca del Vall\u00e8s Occidental, dins del municipi de Cerdanyola del Vall\u00e8s.<\/td>\n<\/tr>\n<tr>\n<td>En la part sud d&#8217;aquest municipi, prop de les primeres pendents de Collserola trobareu la nostra escola, el Tur\u00f3 de Guiera.<\/td>\n<\/tr>\n<tr>\n<td>Gaudim d&#8217;una ubicaci\u00f3 privilegiada perqu\u00e8 ens trobem a poca dist\u00e0ncia del centre hist\u00f2ric i comercial, dels nous barris en expansi\u00f3, del Parc Tecnol\u00f2gic del Vall\u00e8s i de la zona verda de la Riera Major i de Can Coll.<\/td>\n<\/tr>\n<tr>\n<td style=\"text-align: center;\">\n<iframe loading=\"lazy\" src=\"https:\/\/www.google.com\/maps\/embed?pb=!1m18!1m12!1m3!1d2988.8023982342083!2d2.1329001154288663!3d41.4868834792553!2m3!1f0!2f0!3f0!3m2!1i1024!2i768!4f13.1!3m3!1m2!1s0x12a49610a99ee5f1%3A0xddf8722a7813ced9!2sCarrer+d&#39;Anselm+Clav%C3%A9%2C+32%2C+08290+Cerdanyola+del+Vall%C3%A8s%2C+Barcelona!5e0!3m2!1sca!2ses!4v1532600875828\" width=\"600\" height=\"450\" frameborder=\"0\" style=\"border:0\" allowfullscreen><\/iframe>\n<\/td>\n<\/tr>\n<tr>\n<td>\u00a0Ens trobareu al Carrer Anselm Clav\u00e9, 32; carrer que, poc despr\u00e9s canvia el nom per Serragalliners i que us conduir\u00e0, tot recte, fins la Universitat Aut\u00f2noma de Barcelona.<\/td>\n<\/tr>\n<tr>\n<td>\u00a0A m\u00e9s de l&#8217;entrada principal, hi ha una altra porta que tamb\u00e9 utilitzem en les entrades i sortides de l&#8217;alumnat que es troba a la Pla\u00e7a de la Salut. T\u00e9 l&#8217;avantatge que \u00e9s un espai m\u00e9s tranquil que el carrer Anselm Clav\u00e9 ja que hi ha molt poca circulaci\u00f3.<\/td>\n<\/tr>\n<tr>\n<td>\n<table style=\"width: 100%;\" cellspacing=\"4\">\n<tbody>\n<tr>\n<td><img loading=\"lazy\" class=\"aligncenter size-full wp-image-539\" src=\"http:\/\/turodeguiera.cat\/bloc\/wp-content\/uploads\/2015\/01\/porta1.jpg\" alt=\"porta1\" width=\"200\" height=\"130\" \/><\/td>\n<td><img loading=\"lazy\" class=\"aligncenter size-full wp-image-540\" src=\"http:\/\/turodeguiera.cat\/bloc\/wp-content\/uploads\/2015\/01\/porta2.jpg\" alt=\"porta2\" width=\"200\" height=\"150\" \/><\/td>\n<\/tr>\n<tr>\n<td style=\"text-align: center;\">Porta C. Anselm Clav\u00e9<\/td>\n<td style=\"text-align: center;\">Porta Pla\u00e7a de la Salut<\/td>\n<\/tr>\n<\/tbody>\n<\/table>\n<\/td>\n<\/tr>\n<tr>\n<td><\/td>\n<\/tr>\n<\/tbody>\n<\/table>\n<p>&nbsp;<\/p>\n","protected":false},"excerpt":{"rendered":"<p>Ens situem a la comarca del Vall\u00e8s Occidental, dins del municipi de Cerdanyola del Vall\u00e8s. En la part sud d&#8217;aquest municipi, prop de les primeres pendents de Collserola trobareu la nostra escola, el Tur\u00f3 de Guiera. Gaudim d&#8217;una ubicaci\u00f3 privilegiada perqu\u00e8 ens trobem a poca dist\u00e0ncia del centre hist\u00f2ric i comercial, dels nous barris en [&hellip;]<\/p>\n","protected":false},"author":3,"featured_media":0,"parent":596,"menu_order":1,"comment_status":"closed","ping_status":"open","template":"","meta":{"ngg_post_thumbnail":0},"_links":{"self":[{"href":"http:\/\/turodeguiera.cat\/bloc\/wp-json\/wp\/v2\/pages\/536"}],"collection":[{"href":"http:\/\/turodeguiera.cat\/bloc\/wp-json\/wp\/v2\/pages"}],"about":[{"href":"http:\/\/turodeguiera.cat\/bloc\/wp-json\/wp\/v2\/types\/page"}],"author":[{"embeddable":true,"href":"http:\/\/turodeguiera.cat\/bloc\/wp-json\/wp\/v2\/users\/3"}],"replies":[{"embeddable":true,"href":"http:\/\/turodeguiera.cat\/bloc\/wp-json\/wp\/v2\/comments?post=536"}],"version-history":[{"count":10,"href":"http:\/\/turodeguiera.cat\/bloc\/wp-json\/wp\/v2\/pages\/536\/revisions"}],"predecessor-version":[{"id":2409,"href":"http:\/\/turodeguiera.cat\/bloc\/wp-json\/wp\/v2\/pages\/536\/revisions\/2409"}],"up":[{"embeddable":true,"href":"http:\/\/turodeguiera.cat\/bloc\/wp-json\/wp\/v2\/pages\/596"}],"wp:attachment":[{"href":"http:\/\/turodeguiera.cat\/bloc\/wp-json\/wp\/v2\/media?parent=536"}],"curies":[{"name":"wp","href":"https:\/\/api.w.org\/{rel}","templated":true}]}}