{"id":646,"date":"2015-01-17T13:27:21","date_gmt":"2015-01-17T12:27:21","guid":{"rendered":"http:\/\/turodeguiera.cat\/bloc\/?page_id=646"},"modified":"2021-04-25T18:31:36","modified_gmt":"2021-04-25T17:31:36","slug":"escoles-i-instituts-de-cerdanyola","status":"publish","type":"page","link":"http:\/\/turodeguiera.cat\/bloc\/escoles-i-instituts-de-cerdanyola\/","title":{"rendered":"Escoles i Instituts de Cerdanyola"},"content":{"rendered":"<p>&nbsp;<\/p>\n<table class=\"aligncenter\" style=\"width: 600px; border-color: #c3b4b4; background-color: #d4f7f5;\" border=\"1\" cellpadding=\"4\">\n<tbody>\n<tr>\n<td style=\"width: 300px;\">\n<h3><a href=\"https:\/\/agora.xtec.cat\/ceip-bellaterra\/\" target=\"_blank\" rel=\"noopener\">Escola Bellaterra<\/a><\/h3>\n<\/td>\n<td style=\"width: 300px;\">\n<h3><a href=\"https:\/\/agora.xtec.cat\/ceipcarlesbuigas\/\" target=\"_blank\" rel=\"noopener\">Escola Carles Bu\u00efgas<\/a><\/h3>\n<\/td>\n<\/tr>\n<tr>\n<td>\n<h3><a href=\"https:\/\/agora.xtec.cat\/ceiplesfontetes\/\" target=\"_blank\" rel=\"noopener\">Escola Les Fontetes <\/a><\/h3>\n<\/td>\n<td>\n<h3><a href=\"http:\/\/saltells.com\/\" target=\"_blank\" rel=\"noopener\">Escola Saltells<\/a><\/h3>\n<\/td>\n<\/tr>\n<tr>\n<td>\n<h3><a href=\"https:\/\/agora.xtec.cat\/ceipsantmarti-cerdanyola\/\" target=\"_blank\" rel=\"noopener\">Escola Sant Mart\u00ed <\/a><\/h3>\n<\/td>\n<td>\n<h3><a href=\"https:\/\/agora.xtec.cat\/ceipserraparera\/\" target=\"_blank\" rel=\"noopener\">Escola Serraparera <\/a><\/h3>\n<\/td>\n<\/tr>\n<tr>\n<td>\n<h3><a href=\"https:\/\/agora.xtec.cat\/escolamunicipal-lasinia\/\" target=\"_blank\" rel=\"noopener\">Escola Municipal La S\u00ednia<\/a><\/h3>\n<\/td>\n<td>\n<h3><a href=\"https:\/\/agora.xtec.cat\/ceipxarau\/\" target=\"_blank\" rel=\"noopener\">Escola Xarau <\/a><\/h3>\n<\/td>\n<\/tr>\n<tr>\n<td>\n<h3><a href=\"http:\/\/ceejeronimoragas.blogspot.com\/\" target=\"_blank\" rel=\"noopener\">CEE Jeroni de Moragas<\/a><\/h3>\n<\/td>\n<td>\n<h3><a href=\"https:\/\/agora.xtec.cat\/cfa-alzina\/\" target=\"_blank\" rel=\"noopener\">CFA L&#8217;Alzina<\/a><\/h3>\n<\/td>\n<\/tr>\n<tr>\n<td>\n<h3><a href=\"http:\/\/www.xtec.es\/iesbanus\/\" target=\"_blank\" rel=\"noopener\">IES Ban\u00fas <\/a><\/h3>\n<\/td>\n<td>\n<h3><a href=\"https:\/\/agora.xtec.cat\/iesforatdelvent\/\" target=\"_blank\" rel=\"noopener\">IES Forat del Vent <\/a><\/h3>\n<\/td>\n<\/tr>\n<tr>\n<td>\n<h3><a href=\"https:\/\/agora.xtec.cat\/ies-gorgs\/\" target=\"_blank\" rel=\"noopener\">IES Gorgs <\/a><\/h3>\n<\/td>\n<td>\n<h3><a href=\"https:\/\/agora.xtec.cat\/iesjaumemimo\/\" target=\"_blank\" rel=\"noopener\">IES Jaume Mim\u00f3 <\/a><\/h3>\n<\/td>\n<\/tr>\n<tr>\n<td>\n<h3><a href=\"https:\/\/agora.xtec.cat\/insperecalders\/\" target=\"_blank\" rel=\"noopener\">IES Pere Calders <\/a><\/h3>\n<\/td>\n<td>\n<h3><a href=\"https:\/\/serveiseducatius.xtec.cat\/vallesoccidental5\/\" target=\"_blank\" rel=\"noopener\">CRP de Cerdanyola<\/a><\/h3>\n<\/td>\n<\/tr>\n<\/tbody>\n<\/table>\n<p>&nbsp;<\/p>\n","protected":false},"excerpt":{"rendered":"<p>&nbsp; Escola Bellaterra Escola Carles Bu\u00efgas Escola Les Fontetes Escola Saltells Escola Sant Mart\u00ed Escola Serraparera Escola Municipal La S\u00ednia Escola Xarau CEE Jeroni de Moragas CFA L&#8217;Alzina IES Ban\u00fas IES Forat del Vent IES Gorgs IES Jaume Mim\u00f3 IES Pere Calders CRP de Cerdanyola &nbsp;<\/p>\n","protected":false},"author":3,"featured_media":0,"parent":0,"menu_order":0,"comment_status":"closed","ping_status":"open","template":"","meta":{"ngg_post_thumbnail":0},"_links":{"self":[{"href":"http:\/\/turodeguiera.cat\/bloc\/wp-json\/wp\/v2\/pages\/646"}],"collection":[{"href":"http:\/\/turodeguiera.cat\/bloc\/wp-json\/wp\/v2\/pages"}],"about":[{"href":"http:\/\/turodeguiera.cat\/bloc\/wp-json\/wp\/v2\/types\/page"}],"author":[{"embeddable":true,"href":"http:\/\/turodeguiera.cat\/bloc\/wp-json\/wp\/v2\/users\/3"}],"replies":[{"embeddable":true,"href":"http:\/\/turodeguiera.cat\/bloc\/wp-json\/wp\/v2\/comments?post=646"}],"version-history":[{"count":10,"href":"http:\/\/turodeguiera.cat\/bloc\/wp-json\/wp\/v2\/pages\/646\/revisions"}],"predecessor-version":[{"id":5449,"href":"http:\/\/turodeguiera.cat\/bloc\/wp-json\/wp\/v2\/pages\/646\/revisions\/5449"}],"wp:attachment":[{"href":"http:\/\/turodeguiera.cat\/bloc\/wp-json\/wp\/v2\/media?parent=646"}],"curies":[{"name":"wp","href":"https:\/\/api.w.org\/{rel}","templated":true}]}}