{"id":766,"date":"2015-01-22T21:14:07","date_gmt":"2015-01-22T20:14:07","guid":{"rendered":"http:\/\/turodeguiera.cat\/bloc\/?page_id=766"},"modified":"2015-01-25T11:42:58","modified_gmt":"2015-01-25T10:42:58","slug":"scratch-que-es","status":"publish","type":"page","link":"http:\/\/turodeguiera.cat\/bloc\/scratch\/scratch-que-es\/","title":{"rendered":"Scratch: Qu\u00e8 \u00e9s?"},"content":{"rendered":"<table class=\" aligncenter\" style=\"width: 800px;\">\n<tbody>\n<tr>\n<td style=\"width: 110px; text-align: center; vertical-align: top;\" scope=\"col\"><img loading=\"lazy\" class=\"aligncenter size-full wp-image-768\" src=\"http:\/\/turodeguiera.cat\/bloc\/wp-content\/uploads\/2015\/01\/cat-b.png\" alt=\"cat-b\" width=\"110\" height=\"126\" \/><\/td>\n<td style=\"width: 690px; text-align: left; vertical-align: top;\" colspan=\"3\" scope=\"col\">\n<h3><span style=\"color: #000080;\">\u00a0Qu\u00e8 \u00e9s Scratch?<\/span><\/h3>\n<p>Amb Scratch pots programar les teves hist\u00f2ries interactives, animacions, &#8230; i compartir les teves creacions amb els altres a la comunitat en l\u00ednia.<\/p>\n<p style=\"padding-left: 30px;\">Scratch ajuda a la gent jove a pensar de manera creativa, a pensar sistem\u00e0ticament i a treballar de manera col\u00b7laborativa \u2014 compet\u00e8ncies essencials pel segle XXI.<\/p>\n<p>Scratch \u00e9s un projecte del Lifelong Kingergaten Group del MIT Media Lab. \u00c9s gratu\u00eft.<\/td>\n<\/tr>\n<tr>\n<td style=\"text-align: center;\" colspan=\"4\">\n<table class=\"aligncenter\" style=\"width: 670px; height: 430px;\" border=\"1\">\n<tbody>\n<tr>\n<td style=\"width: 660px; height: 410px; text-align: center; vertical-align: middle;\"><iframe src=\"https:\/\/player.vimeo.com\/video\/65583694\" width=\"640\" height=\"400\" frameborder=\"0\" title=\"Scratch Overview\" webkitallowfullscreen mozallowfullscreen allowfullscreen><\/iframe><\/td>\n<\/tr>\n<\/tbody>\n<\/table>\n<\/td>\n<\/tr>\n<tr>\n<td><\/td>\n<td style=\"text-align: center;\"><\/td>\n<td style=\"text-align: center;\"><\/td>\n<td style=\"width: 110px;\"><\/td>\n<\/tr>\n<tr>\n<td><\/td>\n<td style=\"text-align: left; vertical-align: top;\" colspan=\"2\"><strong>\u00a0<\/strong>\u00c9s un programa que permet crear:<\/p>\n<ul>\n<li>Animacions<\/li>\n<li>Hist\u00f2ries<\/li>\n<li>Jocs<\/li>\n<li>&#8230;..<\/li>\n<\/ul>\n<p>\u00c9s f\u00e0cil i intu\u00eftiu i mentre est\u00e0s jugant aprens moltes coses.<\/p>\n<p>Nom\u00e9s cal donar-li las instruccions a l&#8217;ordinador i ell les executar\u00e0. Si no fa el que vols: caldr\u00e0 que pensis qu\u00e8 es pot millorar. Si ho fa: gaudeix de la teva creaci\u00f3 i comparteix-la.<\/td>\n<td style=\"width: 110px;\" rowspan=\"2\">\u00a0\u00a0<img loading=\"lazy\" class=\"aligncenter wp-image-767 size-full\" src=\"http:\/\/turodeguiera.cat\/bloc\/wp-content\/uploads\/2015\/01\/cat-a-e1421958219323.png\" alt=\"cat-a\" width=\"110\" height=\"126\" \/><\/td>\n<\/tr>\n<tr>\n<td><\/td>\n<td><\/td>\n<td><\/td>\n<\/tr>\n<tr>\n<td><\/td>\n<td style=\"width: 290px; text-align: center; vertical-align: middle;\">\u00a0<strong><a href=\"http:\/\/scratch.mit.edu\/parents\" target=\"_blank\">INFORMACI\u00d3 PER A PARES<\/a><\/strong><\/td>\n<td style=\"width: 290px; text-align: center; vertical-align: middle;\">\u00a0<a href=\"http:\/\/scratch.mit.edu\/educators\" target=\"_blank\"><strong>INFORMACI\u00d3 PER A EDUCADORS<\/strong><\/a><\/td>\n<td style=\"width: 110px;\"><\/td>\n<\/tr>\n<tr>\n<td><\/td>\n<td style=\"width: 290px; text-align: left; vertical-align: middle;\" colspan=\"2\">\n<ul>\n<li><a href=\"http:\/\/ceipturodeguiera.xtec.cat\/sd_tac\/c11-12\/5aSessio\/scratch.htm\" target=\"_blank\">Document del Seminari de Tecnologies de la Informaci\u00f3 que explica amb detall qu\u00e8 \u00e9s aix\u00f2 de l&#8217;Scratch<\/a><\/li>\n<li><a href=\"http:\/\/scratchcatala.com\/\" target=\"_blank\">Scratch Catal\u00e0<\/a><\/li>\n<\/ul>\n<\/td>\n<td style=\"width: 110px;\"><\/td>\n<\/tr>\n<\/tbody>\n<\/table>\n<p>\u200b<\/p>\n<p>&nbsp;<\/p>\n<p>&nbsp;<\/p>\n","protected":false},"excerpt":{"rendered":"<p>\u00a0Qu\u00e8 \u00e9s Scratch? Amb Scratch pots programar les teves hist\u00f2ries interactives, animacions, &#8230; i compartir les teves creacions amb els altres a la comunitat en l\u00ednia. Scratch ajuda a la gent jove a pensar de manera creativa, a pensar sistem\u00e0ticament i a treballar de manera col\u00b7laborativa \u2014 compet\u00e8ncies essencials pel segle XXI. Scratch \u00e9s un [&hellip;]<\/p>\n","protected":false},"author":3,"featured_media":0,"parent":786,"menu_order":0,"comment_status":"closed","ping_status":"open","template":"","meta":{"ngg_post_thumbnail":0},"_links":{"self":[{"href":"http:\/\/turodeguiera.cat\/bloc\/wp-json\/wp\/v2\/pages\/766"}],"collection":[{"href":"http:\/\/turodeguiera.cat\/bloc\/wp-json\/wp\/v2\/pages"}],"about":[{"href":"http:\/\/turodeguiera.cat\/bloc\/wp-json\/wp\/v2\/types\/page"}],"author":[{"embeddable":true,"href":"http:\/\/turodeguiera.cat\/bloc\/wp-json\/wp\/v2\/users\/3"}],"replies":[{"embeddable":true,"href":"http:\/\/turodeguiera.cat\/bloc\/wp-json\/wp\/v2\/comments?post=766"}],"version-history":[{"count":12,"href":"http:\/\/turodeguiera.cat\/bloc\/wp-json\/wp\/v2\/pages\/766\/revisions"}],"predecessor-version":[{"id":805,"href":"http:\/\/turodeguiera.cat\/bloc\/wp-json\/wp\/v2\/pages\/766\/revisions\/805"}],"up":[{"embeddable":true,"href":"http:\/\/turodeguiera.cat\/bloc\/wp-json\/wp\/v2\/pages\/786"}],"wp:attachment":[{"href":"http:\/\/turodeguiera.cat\/bloc\/wp-json\/wp\/v2\/media?parent=766"}],"curies":[{"name":"wp","href":"https:\/\/api.w.org\/{rel}","templated":true}]}}