{"id":785,"date":"2015-01-23T21:13:02","date_gmt":"2015-01-23T20:13:02","guid":{"rendered":"http:\/\/turodeguiera.cat\/bloc\/?page_id=785"},"modified":"2015-01-25T10:37:08","modified_gmt":"2015-01-25T09:37:08","slug":"scratch-com-aconseguir-ho","status":"publish","type":"page","link":"http:\/\/turodeguiera.cat\/bloc\/scratch\/scratch-com-aconseguir-ho\/","title":{"rendered":"Scratch: Com aconseguir-ho"},"content":{"rendered":"<table class=\" aligncenter\" style=\"width: 800px;\">\n<tbody>\n<tr>\n<td style=\"width: 110px; text-align: center; vertical-align: top;\" rowspan=\"4\" scope=\"col\"><img loading=\"lazy\" class=\"aligncenter size-full wp-image-767\" src=\"http:\/\/turodeguiera.cat\/bloc\/wp-content\/uploads\/2015\/01\/cat-a-e1421958219323.png\" alt=\"cat-a\" width=\"110\" height=\"126\" \/><\/td>\n<td style=\"width: 580px;\" colspan=\"2\">\n<h3><span style=\"color: #000080;\">\u00a0Com es pot fer servir Scratch?<\/span><\/h3>\n<\/td>\n<td style=\"width: 110px;\" scope=\"col\"><\/td>\n<\/tr>\n<tr>\n<td colspan=\"2\">L&#8217;Scratch \u00e9s un programa gratu\u00eft.<\/td>\n<td><\/td>\n<\/tr>\n<tr>\n<td colspan=\"2\">Tens dues opcions per fer servir l&#8217;Scratch:<\/td>\n<td><\/td>\n<\/tr>\n<tr>\n<td colspan=\"2\">\n<ol>\n<li><strong>Descarregar-lo al teu ordinador<\/strong> (funciona amb el Linux (algunes versions) i tamb\u00e9 ho fa en Windows i MAC. Caldr\u00e0 que l&#8217;instal\u00b7lis amb una aplicaci\u00f3 que es diu<strong> Adobe AIR<\/strong>\n<ul>\n<li><a href=\"http:\/\/scratch.mit.edu\/scratch2download\/\" target=\"_blank\">P\u00e0gina de desc\u00e0rrega i instal\u00b7laci\u00f3 del programa<\/a><\/li>\n<\/ul>\n<\/li>\n<li>Tamb\u00e9 pots fer-ho servir en l\u00ednia. Al WEB del MIT es troba una aplicaci\u00f3 que et permet fer servir el programa, com si fos al teu PC.\n<ul>\n<li><a href=\"http:\/\/scratch.mit.edu\/projects\/editor\/?tip_bar=getStarted\" target=\"_blank\">P\u00e0gina Scratch en l\u00ednia<\/a><\/li>\n<\/ul>\n<\/li>\n<\/ol>\n<\/td>\n<td><\/td>\n<\/tr>\n<tr>\n<td><\/td>\n<td colspan=\"2\">\n<h3><span style=\"color: #000080;\">Tamb\u00e9 pots:<\/span><\/h3>\n<\/td>\n<td><\/td>\n<\/tr>\n<tr>\n<td><\/td>\n<td colspan=\"2\">\n<ul>\n<li>\u00a0<strong>Compartir<\/strong> els teus projectes amb la gran comunitat d&#8217;Scratch<\/li>\n<li>Pots explorar els projectes que ha fet altres membres de la comunitat Scratch, i aix\u00ed: aprendre com es programa, tenir idees de coses que es poden fer&#8230;..<\/li>\n<\/ul>\n<\/td>\n<td><\/td>\n<\/tr>\n<\/tbody>\n<\/table>\n<p>&nbsp;<\/p>\n","protected":false},"excerpt":{"rendered":"<p>\u00a0Com es pot fer servir Scratch? L&#8217;Scratch \u00e9s un programa gratu\u00eft. Tens dues opcions per fer servir l&#8217;Scratch: Descarregar-lo al teu ordinador (funciona amb el Linux (algunes versions) i tamb\u00e9 ho fa en Windows i MAC. Caldr\u00e0 que l&#8217;instal\u00b7lis amb una aplicaci\u00f3 que es diu Adobe AIR P\u00e0gina de desc\u00e0rrega i instal\u00b7laci\u00f3 del programa Tamb\u00e9 [&hellip;]<\/p>\n","protected":false},"author":3,"featured_media":0,"parent":786,"menu_order":2,"comment_status":"closed","ping_status":"open","template":"","meta":{"ngg_post_thumbnail":0},"_links":{"self":[{"href":"http:\/\/turodeguiera.cat\/bloc\/wp-json\/wp\/v2\/pages\/785"}],"collection":[{"href":"http:\/\/turodeguiera.cat\/bloc\/wp-json\/wp\/v2\/pages"}],"about":[{"href":"http:\/\/turodeguiera.cat\/bloc\/wp-json\/wp\/v2\/types\/page"}],"author":[{"embeddable":true,"href":"http:\/\/turodeguiera.cat\/bloc\/wp-json\/wp\/v2\/users\/3"}],"replies":[{"embeddable":true,"href":"http:\/\/turodeguiera.cat\/bloc\/wp-json\/wp\/v2\/comments?post=785"}],"version-history":[{"count":5,"href":"http:\/\/turodeguiera.cat\/bloc\/wp-json\/wp\/v2\/pages\/785\/revisions"}],"predecessor-version":[{"id":798,"href":"http:\/\/turodeguiera.cat\/bloc\/wp-json\/wp\/v2\/pages\/785\/revisions\/798"}],"up":[{"embeddable":true,"href":"http:\/\/turodeguiera.cat\/bloc\/wp-json\/wp\/v2\/pages\/786"}],"wp:attachment":[{"href":"http:\/\/turodeguiera.cat\/bloc\/wp-json\/wp\/v2\/media?parent=785"}],"curies":[{"name":"wp","href":"https:\/\/api.w.org\/{rel}","templated":true}]}}