{"id":786,"date":"2015-01-23T20:23:38","date_gmt":"2015-01-23T19:23:38","guid":{"rendered":"http:\/\/turodeguiera.cat\/bloc\/?page_id=786"},"modified":"2015-01-28T09:39:49","modified_gmt":"2015-01-28T08:39:49","slug":"scratch","status":"publish","type":"page","link":"http:\/\/turodeguiera.cat\/bloc\/scratch\/","title":{"rendered":"Scratch"},"content":{"rendered":"<p><img loading=\"lazy\" class=\"aligncenter size-full wp-image-793\" src=\"http:\/\/turodeguiera.cat\/bloc\/wp-content\/uploads\/2015\/01\/Scratchlogo2.png\" alt=\"Scratchlogo2\" width=\"800\" height=\"262\" srcset=\"http:\/\/turodeguiera.cat\/bloc\/wp-content\/uploads\/2015\/01\/Scratchlogo2.png 800w, http:\/\/turodeguiera.cat\/bloc\/wp-content\/uploads\/2015\/01\/Scratchlogo2-300x98.png 300w\" sizes=\"(max-width: 800px) 100vw, 800px\" \/><\/p>\n<table>\n<tbody>\n<tr>\n<td style=\"width: 110px;\" scope=\"col\"><\/td>\n<td style=\"width: 580px;\" colspan=\"2\">\n<h2><span style=\"color: #0000ff;\"><a style=\"color: #0000ff;\" title=\"Scratch: Qu\u00e8 \u00e9s?\" href=\"http:\/\/turodeguiera.cat\/bloc\/scratch\/scratch-que-es\/\">Qu\u00e8 \u00e9s Scratch?<\/a><\/span><\/h2>\n<\/td>\n<td style=\"width: 110px;\" scope=\"col\"><\/td>\n<\/tr>\n<tr>\n<td style=\"width: 110px;\" scope=\"col\"><\/td>\n<td style=\"width: 580px;\" colspan=\"2\">\n<h2><a title=\"Scratch: Com aconseguir-ho\" href=\"http:\/\/turodeguiera.cat\/bloc\/scratch\/scratch-com-aconseguir-ho\/\"><span style=\"color: #0000ff;\">Com es pot fer servir Scratch?<\/span><\/a><\/h2>\n<\/td>\n<td style=\"width: 110px;\" scope=\"col\"><\/td>\n<\/tr>\n<tr>\n<td style=\"width: 110px;\" scope=\"col\"><\/td>\n<td style=\"width: 580px;\" colspan=\"2\">\n<h2><span style=\"color: #0000ff;\"><a style=\"color: #0000ff;\" href=\"http:\/\/scratch.mit.edu\/projects\/editor\/?tip_bar=getStarted\" target=\"_blank\">P\u00e0gina Scratch en l\u00ednia<\/a><\/span><\/h2>\n<\/td>\n<td style=\"width: 110px;\" scope=\"col\"><\/td>\n<\/tr>\n<tr>\n<td style=\"width: 110px;\" scope=\"col\"><\/td>\n<td style=\"width: 580px;\" colspan=\"2\">\n<h2><span style=\"color: #0000ff;\"><a style=\"color: #0000ff;\" href=\"http:\/\/scratch.mit.edu\/\" target=\"_blank\">Portal d&#8217;Scratch<\/a><\/span><\/h2>\n<\/td>\n<td style=\"width: 110px;\" scope=\"col\"><\/td>\n<\/tr>\n<tr>\n<td><\/td>\n<td colspan=\"2\">\n<h2><span style=\"color: #0000ff;\">Els nostres treball amb Scratch<\/span><\/h2>\n<\/td>\n<td><\/td>\n<\/tr>\n<tr>\n<td><\/td>\n<td colspan=\"2\">A les aules de cinqu\u00e8 i sis\u00e8 hem comen\u00e7at a fer servir l&#8217;Scratch.<\/td>\n<td><\/td>\n<\/tr>\n<tr>\n<td><\/td>\n<td colspan=\"2\">Per iniciar-nos estem fent servir el <strong>Taller de VideoJocs<\/strong> que va dissenya en Frank Sabat\u00e9<\/p>\n<ul>\n<li><a href=\"http:\/\/scratch.mit.edu\/users\/franksabate\/\" target=\"_blank\">Projectes de Frank Sabat\u00e9 a Scratch<\/a><\/li>\n<\/ul>\n<\/td>\n<td><\/td>\n<\/tr>\n<tr>\n<td><\/td>\n<td colspan=\"2\"><span style=\"color: #0000ff;\"><strong><span style=\"color: #993300;\">El taller de v\u00eddeo:<\/span><\/strong> <span style=\"color: #000000;\">Descarrega els arxius del taller, aix\u00ed podr\u00e0s investigar i fer proves.<\/span><br \/>\n<\/span><\/td>\n<td><\/td>\n<\/tr>\n<tr>\n<td><\/td>\n<td><\/td>\n<td>\n<ul>\n<li><a href=\"http:\/\/turodeguiera.cat\/bloc\/wp-content\/uploads\/2015\/01\/01-Primer-Cami.sb2\" target=\"_blank\">El primer Cam\u00ed<\/a><\/li>\n<li><a href=\"http:\/\/turodeguiera.cat\/bloc\/wp-content\/uploads\/2015\/01\/02-Hungry-Ant.sb2\" target=\"_blank\">Hungry Hant<\/a><\/li>\n<li><a href=\"http:\/\/turodeguiera.cat\/bloc\/wp-content\/uploads\/2015\/01\/03-The-Cat-the-Mouse-the-Cheese.sb2\" target=\"_blank\">The cat, the mouse and the cheese<\/a><\/li>\n<li><a href=\"http:\/\/turodeguiera.cat\/bloc\/wp-content\/uploads\/2015\/01\/04-Asteroid-Belt.sb2\" target=\"_blank\">Asteroid belt<\/a><\/li>\n<li><a href=\"http:\/\/turodeguiera.cat\/bloc\/wp-content\/uploads\/2015\/01\/05-El-laberint.sb2\" target=\"_blank\">El laberint<\/a><\/li>\n<li><a href=\"http:\/\/turodeguiera.cat\/bloc\/wp-content\/uploads\/2015\/01\/06-FonsAquari.png\">Aquarium<\/a><\/li>\n<li><a href=\"http:\/\/turodeguiera.cat\/bloc\/wp-content\/uploads\/2015\/01\/07-El-Mag-i-els-numeros.sb2\" target=\"_blank\">El mag i els n\u00fameros<\/a><\/li>\n<\/ul>\n<\/td>\n<td><\/td>\n<\/tr>\n<\/tbody>\n<\/table>\n<p>&nbsp;<\/p>\n","protected":false},"excerpt":{"rendered":"<p>Qu\u00e8 \u00e9s Scratch? Com es pot fer servir Scratch? P\u00e0gina Scratch en l\u00ednia Portal d&#8217;Scratch Els nostres treball amb Scratch A les aules de cinqu\u00e8 i sis\u00e8 hem comen\u00e7at a fer servir l&#8217;Scratch. Per iniciar-nos estem fent servir el Taller de VideoJocs que va dissenya en Frank Sabat\u00e9 Projectes de Frank Sabat\u00e9 a Scratch El [&hellip;]<\/p>\n","protected":false},"author":3,"featured_media":0,"parent":0,"menu_order":0,"comment_status":"closed","ping_status":"open","template":"","meta":{"ngg_post_thumbnail":0},"_links":{"self":[{"href":"http:\/\/turodeguiera.cat\/bloc\/wp-json\/wp\/v2\/pages\/786"}],"collection":[{"href":"http:\/\/turodeguiera.cat\/bloc\/wp-json\/wp\/v2\/pages"}],"about":[{"href":"http:\/\/turodeguiera.cat\/bloc\/wp-json\/wp\/v2\/types\/page"}],"author":[{"embeddable":true,"href":"http:\/\/turodeguiera.cat\/bloc\/wp-json\/wp\/v2\/users\/3"}],"replies":[{"embeddable":true,"href":"http:\/\/turodeguiera.cat\/bloc\/wp-json\/wp\/v2\/comments?post=786"}],"version-history":[{"count":11,"href":"http:\/\/turodeguiera.cat\/bloc\/wp-json\/wp\/v2\/pages\/786\/revisions"}],"predecessor-version":[{"id":815,"href":"http:\/\/turodeguiera.cat\/bloc\/wp-json\/wp\/v2\/pages\/786\/revisions\/815"}],"wp:attachment":[{"href":"http:\/\/turodeguiera.cat\/bloc\/wp-json\/wp\/v2\/media?parent=786"}],"curies":[{"name":"wp","href":"https:\/\/api.w.org\/{rel}","templated":true}]}}