{"id":690,"date":"2020-04-20T18:44:15","date_gmt":"2020-04-20T17:44:15","guid":{"rendered":"http:\/\/turodeguiera.cat\/tifo\/?page_id=690"},"modified":"2020-04-25T19:55:23","modified_gmt":"2020-04-25T18:55:23","slug":"meet","status":"publish","type":"page","link":"http:\/\/turodeguiera.cat\/tifo\/meet\/","title":{"rendered":"V\u00eddeo Confer\u00e8ncies: MEET"},"content":{"rendered":"<table class=\"aligncenter\" style=\"width: 100%; border-collapse: collapse;\" border=\"0\">\n<tbody>\n<tr>\n<td style=\"width: 100%; text-align: center; vertical-align: middle;\"><img loading=\"lazy\" class=\"alignleft size-full wp-image-755\" src=\"http:\/\/turodeguiera.cat\/tifo\/wp-content\/uploads\/2020\/04\/meet_Banner.png\" alt=\"\" width=\"1000\" height=\"250\" srcset=\"http:\/\/turodeguiera.cat\/tifo\/wp-content\/uploads\/2020\/04\/meet_Banner.png 1000w, http:\/\/turodeguiera.cat\/tifo\/wp-content\/uploads\/2020\/04\/meet_Banner-300x75.png 300w, http:\/\/turodeguiera.cat\/tifo\/wp-content\/uploads\/2020\/04\/meet_Banner-768x192.png 768w\" sizes=\"(max-width: 1000px) 100vw, 1000px\" \/><\/td>\n<\/tr>\n<\/tbody>\n<\/table>\n<table class=\"alignleft\" style=\"width: 100%; border-collapse: collapse;\" border=\"0\">\n<tbody>\n<tr style=\"height: 66px;\">\n<td style=\"width: 7.97821%; height: 66px;\">&nbsp;<\/td>\n<td style=\"width: 92.0218%; height: 66px;\">\n<h4><a href=\"http:\/\/turodeguiera.cat\/tifo\/preparacio-del-navegador-extensio-google-meet-grid-view\/\"><span style=\"color: #0c8f81;\">Preparaci\u00f3 del navegador: Extensi\u00f3 Google Meet Grid View<\/span><\/a><\/h4>\n<\/td>\n<\/tr>\n<tr style=\"height: 66px;\">\n<td style=\"width: 7.97821%; height: 66px;\">&nbsp;<\/td>\n<td style=\"width: 92.0218%; height: 66px;\">\n<h4><a href=\"http:\/\/turodeguiera.cat\/tifo\/programar-una-reunio-meet\/\"><span style=\"color: #0c8f81;\">Programar una videoconfer\u00e8ncia amb MEET<\/span><\/a><\/h4>\n<\/td>\n<\/tr>\n<tr style=\"height: 66px;\">\n<td style=\"width: 7.97821%; height: 66px;\">&nbsp;<\/td>\n<td style=\"width: 92.0218%; height: 66px;\">\n<h4><a href=\"http:\/\/turodeguiera.cat\/tifo\/enviar-la-invitacio-a-una-una-reunio-meet-per-correu-electronic-de-la-classe\/\"><span style=\"color: #0c8f81;\">Enviar la invitaci\u00f3 a una una reuni\u00f3 MEET per correu electr\u00f2nic de la classe<\/span><\/a><\/h4>\n<\/td>\n<\/tr>\n<tr>\n<td style=\"width: 7.97821%;\">&nbsp;<\/td>\n<td style=\"width: 92.0218%;\">\n<h4><a href=\"http:\/\/turodeguiera.cat\/tifo\/accedir-a-una-videoconferencia\/\"><span style=\"color: #0c8f81;\">Accedir a una videoconfer\u00e8ncia<\/span><\/a><\/h4>\n<\/td>\n<\/tr>\n<tr>\n<td style=\"width: 7.97821%;\">&nbsp;<\/td>\n<td style=\"width: 92.0218%;\">\n<h4><a href=\"http:\/\/turodeguiera.cat\/tifo\/compartir-pantalles-i-documents\/\"><span style=\"color: #0c8f81;\">Compartir pantalles i documents<\/span><span style=\"color: #0c8f81;\">&nbsp;<\/span><\/a><\/h4>\n<\/td>\n<\/tr>\n<tr>\n<td style=\"width: 7.97821%;\">&nbsp;<\/td>\n<td style=\"width: 92.0218%;\">\n<h4><a href=\"http:\/\/turodeguiera.cat\/tifo\/enregistrar-una-videoconferencia\/\"><span style=\"color: #0c8f81;\">Enregistrar una videoconfer\u00e8ncia<\/span><\/a><\/h4>\n<\/td>\n<\/tr>\n<tr style=\"height: 66px;\">\n<td style=\"width: 7.97821%; height: 66px;\">&nbsp;<\/td>\n<td style=\"width: 92.0218%; height: 66px;\">\n<h4><span style=\"color: #0c8f81;\">&nbsp;<\/span><\/h4>\n<\/td>\n<\/tr>\n<tr style=\"height: 66px;\">\n<td style=\"width: 7.97821%; height: 66px;\">&nbsp;<\/td>\n<td style=\"width: 92.0218%; height: 66px;\">\n<h4><a href=\"http:\/\/turodeguiera.cat\/tifo\/procediment-per-convocat-una-reunio-amb-alumnes\/\"><span style=\"color: #0c8f81;\">Procediment per convocar una reuni\u00f3 amb alumnes<\/span><\/a><\/h4>\n<\/td>\n<\/tr>\n<\/tbody>\n<\/table>\n<p>&nbsp;<\/p>\n","protected":false},"excerpt":{"rendered":"<p>&nbsp; Preparaci\u00f3 del navegador: Extensi\u00f3 Google Meet Grid View &nbsp; Programar una videoconfer\u00e8ncia amb MEET &nbsp; Enviar la invitaci\u00f3 a una una reuni\u00f3 MEET per correu electr\u00f2nic de la classe &nbsp; Accedir a una videoconfer\u00e8ncia &nbsp; Compartir pantalles i documents&nbsp;<\/p>\n","protected":false},"author":1,"featured_media":0,"parent":0,"menu_order":0,"comment_status":"closed","ping_status":"closed","template":"","meta":{"ngg_post_thumbnail":0},"_links":{"self":[{"href":"http:\/\/turodeguiera.cat\/tifo\/wp-json\/wp\/v2\/pages\/690"}],"collection":[{"href":"http:\/\/turodeguiera.cat\/tifo\/wp-json\/wp\/v2\/pages"}],"about":[{"href":"http:\/\/turodeguiera.cat\/tifo\/wp-json\/wp\/v2\/types\/page"}],"author":[{"embeddable":true,"href":"http:\/\/turodeguiera.cat\/tifo\/wp-json\/wp\/v2\/users\/1"}],"replies":[{"embeddable":true,"href":"http:\/\/turodeguiera.cat\/tifo\/wp-json\/wp\/v2\/comments?post=690"}],"version-history":[{"count":12,"href":"http:\/\/turodeguiera.cat\/tifo\/wp-json\/wp\/v2\/pages\/690\/revisions"}],"predecessor-version":[{"id":855,"href":"http:\/\/turodeguiera.cat\/tifo\/wp-json\/wp\/v2\/pages\/690\/revisions\/855"}],"wp:attachment":[{"href":"http:\/\/turodeguiera.cat\/tifo\/wp-json\/wp\/v2\/media?parent=690"}],"curies":[{"name":"wp","href":"https:\/\/api.w.org\/{rel}","templated":true}]}}