{"id":705,"date":"2020-04-20T18:47:50","date_gmt":"2020-04-20T17:47:50","guid":{"rendered":"http:\/\/turodeguiera.cat\/tifo\/?page_id=705"},"modified":"2020-04-22T10:43:47","modified_gmt":"2020-04-22T09:43:47","slug":"ubuntu","status":"publish","type":"page","link":"http:\/\/turodeguiera.cat\/tifo\/ubuntu\/","title":{"rendered":"Sistema Operatiu: Ubuntu"},"content":{"rendered":"<table class=\"aligncenter\" style=\"width: 100%; border-collapse: collapse;\" border=\"0\">\n<tbody>\n<tr>\n<td style=\"width: 100%; text-align: center; vertical-align: middle;\"><img loading=\"lazy\" class=\"alignleft size-full wp-image-758\" src=\"http:\/\/turodeguiera.cat\/tifo\/wp-content\/uploads\/2020\/04\/Ubuntu_Banner.png\" alt=\"\" width=\"1000\" height=\"250\" srcset=\"http:\/\/turodeguiera.cat\/tifo\/wp-content\/uploads\/2020\/04\/Ubuntu_Banner.png 1000w, http:\/\/turodeguiera.cat\/tifo\/wp-content\/uploads\/2020\/04\/Ubuntu_Banner-300x75.png 300w, http:\/\/turodeguiera.cat\/tifo\/wp-content\/uploads\/2020\/04\/Ubuntu_Banner-768x192.png 768w\" sizes=\"(max-width: 1000px) 100vw, 1000px\" \/><\/td>\n<\/tr>\n<\/tbody>\n<\/table>\n<table class=\"alignleft\" style=\"width: 100%; border-collapse: collapse;\" border=\"0\">\n<tbody>\n<tr style=\"height: 15px;\">\n<td style=\"width: 15%;\">&nbsp;<\/td>\n<td style=\"width: 85%;\">\n<h4 class=\"western\"><a href=\"http:\/\/turodeguiera.cat\/tifo\/desmuntar-un-pendrive-o-un-cddvd-2\/\">Desmuntar un Pendrive o un CD\/DVD<\/a><\/h4>\n<\/td>\n<\/tr>\n<tr>\n<td style=\"width: 15%;\">&nbsp;<\/td>\n<td style=\"width: 85%;\">\n<h4 class=\"western\"><a href=\"http:\/\/turodeguiera.cat\/tifo\/personalitzacio-de-lentorn-ubuntu-12-04-2\/\">Personalitzaci\u00f3 de l\u2019entorn UBUNTU 12.04<\/a><\/h4>\n<\/td>\n<\/tr>\n<tr>\n<td style=\"width: 15%;\">&nbsp;<\/td>\n<td style=\"width: 85%;\">\n<h4 class=\"western\"><a href=\"http:\/\/turodeguiera.cat\/tifo\/la-carpeta-personal-a-lordinador-de-lescola\/\">La carpeta personal a l\u2019ordinador de l\u2019escola<\/a><\/h4>\n<\/td>\n<\/tr>\n<tr>\n<td style=\"width: 15%;\">&nbsp;<\/td>\n<td style=\"width: 85%;\">\n<h4 class=\"western\"><a href=\"http:\/\/turodeguiera.cat\/tifo\/assignacio-dels-programes-per-defecte\/\">Assignaci\u00f3 dels programes per defecte<\/a><\/h4>\n<\/td>\n<\/tr>\n<tr>\n<td style=\"width: 15%;\">&nbsp;<\/td>\n<td style=\"width: 85%;\">\n<h4 class=\"western\"><a href=\"http:\/\/turodeguiera.cat\/tifo\/configuracio-del-tema-barres-icones-i-tipus-de-lletra\/\">Configuraci\u00f3 del tema, barres, icones i Tipus de lletra<\/a><\/h4>\n<\/td>\n<\/tr>\n<tr>\n<td style=\"width: 15%;\">&nbsp;<\/td>\n<td style=\"width: 85%;\">\n<h4 class=\"western\"><a href=\"http:\/\/turodeguiera.cat\/tifo\/llancadores-de-la-barra-superior\/\">Llan\u00e7adores de la barra superior<\/a><\/h4>\n<\/td>\n<\/tr>\n<tr>\n<td style=\"width: 15%;\">&nbsp;<\/td>\n<td style=\"width: 85%;\">\n<h4 class=\"western\"><a href=\"http:\/\/turodeguiera.cat\/tifo\/llancadores-especials-selector-de-finestres-i-paperera\/\">Llan\u00e7adores especials: selector de finestres i paperera<\/a><\/h4>\n<\/td>\n<\/tr>\n<tr>\n<td style=\"width: 15%;\">&nbsp;<\/td>\n<td style=\"width: 85%;\">\n<h4 class=\"western\"><a href=\"http:\/\/turodeguiera.cat\/tifo\/contingencies-diaries\/\">Conting\u00e8ncies habituals<\/a><\/h4>\n<\/td>\n<\/tr>\n<\/tbody>\n<\/table>\n<p>&nbsp;<\/p>\n","protected":false},"excerpt":{"rendered":"<p>&nbsp; Desmuntar un Pendrive o un CD\/DVD &nbsp; Personalitzaci\u00f3 de l\u2019entorn UBUNTU 12.04 &nbsp; La carpeta personal a l\u2019ordinador de l\u2019escola &nbsp; Assignaci\u00f3 dels programes per defecte &nbsp; Configuraci\u00f3 del tema, barres, icones i Tipus de lletra &nbsp; Llan\u00e7adores de<\/p>\n","protected":false},"author":1,"featured_media":0,"parent":0,"menu_order":0,"comment_status":"closed","ping_status":"closed","template":"","meta":{"ngg_post_thumbnail":0},"_links":{"self":[{"href":"http:\/\/turodeguiera.cat\/tifo\/wp-json\/wp\/v2\/pages\/705"}],"collection":[{"href":"http:\/\/turodeguiera.cat\/tifo\/wp-json\/wp\/v2\/pages"}],"about":[{"href":"http:\/\/turodeguiera.cat\/tifo\/wp-json\/wp\/v2\/types\/page"}],"author":[{"embeddable":true,"href":"http:\/\/turodeguiera.cat\/tifo\/wp-json\/wp\/v2\/users\/1"}],"replies":[{"embeddable":true,"href":"http:\/\/turodeguiera.cat\/tifo\/wp-json\/wp\/v2\/comments?post=705"}],"version-history":[{"count":9,"href":"http:\/\/turodeguiera.cat\/tifo\/wp-json\/wp\/v2\/pages\/705\/revisions"}],"predecessor-version":[{"id":769,"href":"http:\/\/turodeguiera.cat\/tifo\/wp-json\/wp\/v2\/pages\/705\/revisions\/769"}],"wp:attachment":[{"href":"http:\/\/turodeguiera.cat\/tifo\/wp-json\/wp\/v2\/media?parent=705"}],"curies":[{"name":"wp","href":"https:\/\/api.w.org\/{rel}","templated":true}]}}